{"id":241601,"date":"2022-09-27T11:21:53","date_gmt":"2022-09-27T14:21:53","guid":{"rendered":"https:\/\/noticiaempauta.com\/portal\/?page_id=241601"},"modified":"2022-10-05T09:03:03","modified_gmt":"2022-10-05T12:03:03","slug":"radio-cidade-modelo-fm","status":"publish","type":"page","link":"https:\/\/noticiaempauta.com\/portal\/radio-cidade-modelo-fm\/","title":{"rendered":"R\u00e1dio Cidade Modelo FM"},"content":{"rendered":"\t\t<div data-elementor-type=\"wp-page\" data-elementor-id=\"241601\" class=\"elementor elementor-241601\" data-elementor-post-type=\"page\">\n\t\t\t\t<div class=\"elementor-element elementor-element-cdecc89 e-flex e-con-boxed e-con e-parent\" data-id=\"cdecc89\" data-element_type=\"container\" data-e-type=\"container\">\n\t\t\t\t\t<div class=\"e-con-inner\">\n\t\t<div class=\"elementor-element elementor-element-548bc85 e-con-full e-flex e-con e-parent\" data-id=\"548bc85\" data-element_type=\"container\" data-e-type=\"container\">\n\t\t\t\t<div class=\"elementor-element elementor-element-e75d7c1 elementor-widget elementor-widget-image\" data-id=\"e75d7c1\" data-element_type=\"widget\" data-e-type=\"widget\" data-widget_type=\"image.default\">\n\t\t\t\t<div class=\"elementor-widget-container\">\n\t\t\t\t\t\t\t\t\t\t\t\t\t\t\t<img decoding=\"async\" width=\"200\" height=\"200\" src=\"https:\/\/noticiaempauta.com\/portal\/wp-content\/uploads\/2022\/09\/radio11694_1594641010.webp\" class=\"attachment-large size-large wp-image-241607\" alt=\"\" srcset=\"https:\/\/noticiaempauta.com\/portal\/wp-content\/uploads\/2022\/09\/radio11694_1594641010.webp 200w, https:\/\/noticiaempauta.com\/portal\/wp-content\/uploads\/2022\/09\/radio11694_1594641010-150x150.webp 150w\" sizes=\"(max-width: 200px) 100vw, 200px\" \/>\t\t\t\t\t\t\t\t\t\t\t\t\t\t\t<\/div>\n\t\t\t\t<\/div>\n\t\t\t\t<div class=\"elementor-element elementor-element-c3598eb elementor-widget elementor-widget-text-editor\" data-id=\"c3598eb\" data-element_type=\"widget\" data-e-type=\"widget\" data-widget_type=\"text-editor.default\">\n\t\t\t\t<div class=\"elementor-widget-container\">\n\t\t\t\t\t\t\t\t\t\n<p style=\"text-align: justify;\">A R\u00e1dio Cidade Modelo FM possui uma programa\u00e7\u00e3o diversificada com m\u00fasicas, informa\u00e7\u00e3o, entrevistas, cobertura de eventos e muita interatividade. Acesse e ou\u00e7a em casa, no carro, na academia, em qualquer lugar.<\/p>\n<p><iframe src=\"https:\/\/www.procampuseducacao.com.br\/tocador-cidade.php\" width=\"100%\" height=\"100\" frameborder=\"0\" scrolling=\"no\"><span data-mce-type=\"bookmark\" style=\"display: inline-block; width: 0px; overflow: hidden; line-height: 0;\" class=\"mce_SELRES_start\">\ufeff<\/span><\/iframe><\/p>\n\t\t\t\t\t\t\t\t<\/div>\n\t\t\t\t<\/div>\n\t\t\t\t<\/div>\n\t\t\t\t\t<\/div>\n\t\t\t\t<\/div>\n\t\t\t\t<\/div>\n\t\t","protected":false},"excerpt":{"rendered":"<p>A R\u00e1dio Cidade Modelo FM possui uma programa\u00e7\u00e3o diversificada com m\u00fasicas, informa\u00e7\u00e3o, entrevistas, cobertura de eventos e muita interatividade. Acesse e ou\u00e7a em casa, no carro, na academia, em qualquer lugar. \ufeff<\/p>\n","protected":false},"author":1,"featured_media":241607,"parent":0,"menu_order":0,"comment_status":"closed","ping_status":"closed","template":"","meta":{"_mi_skip_tracking":false,"footnotes":""},"class_list":["post-241601","page","type-page","status-publish","has-post-thumbnail","hentry"],"acf":[],"yoast_head":"<!-- This site is optimized with the Yoast SEO Premium plugin v19.2 (Yoast SEO v26.9) - https:\/\/yoast.com\/product\/yoast-seo-premium-wordpress\/ -->\n<title>R\u00e1dio Cidade Modelo FM - Portal Not\u00edcia em Pauta<\/title>\n<meta name=\"robots\" content=\"index, follow, max-snippet:-1, max-image-preview:large, max-video-preview:-1\" \/>\n<link rel=\"canonical\" href=\"https:\/\/noticiaempauta.com\/portal\/radio-cidade-modelo-fm\/\" \/>\n<meta property=\"og:locale\" content=\"pt_BR\" \/>\n<meta property=\"og:type\" content=\"article\" \/>\n<meta property=\"og:title\" content=\"R\u00e1dio Cidade Modelo FM\" \/>\n<meta property=\"og:description\" content=\"A R\u00e1dio Cidade Modelo FM possui uma programa\u00e7\u00e3o diversificada com m\u00fasicas, informa\u00e7\u00e3o, entrevistas, cobertura de eventos e muita interatividade. Acesse e ou\u00e7a em casa, no carro, na academia, em qualquer lugar. \ufeff\" \/>\n<meta property=\"og:url\" content=\"https:\/\/noticiaempauta.com\/portal\/radio-cidade-modelo-fm\/\" \/>\n<meta property=\"og:site_name\" content=\"Portal Not\u00edcia em Pauta\" \/>\n<meta property=\"article:publisher\" content=\"https:\/\/www.facebook.com\/Portal-Notcia-Em-Pauta-102292869264820\/\" \/>\n<meta property=\"article:modified_time\" content=\"2022-10-05T12:03:03+00:00\" \/>\n<meta property=\"og:image\" content=\"https:\/\/noticiaempauta.com\/portal\/wp-content\/uploads\/2022\/09\/radio11694_1594641010.webp\" \/>\n\t<meta property=\"og:image:width\" content=\"200\" \/>\n\t<meta property=\"og:image:height\" content=\"200\" \/>\n\t<meta property=\"og:image:type\" content=\"image\/webp\" \/>\n<meta name=\"twitter:card\" content=\"summary_large_image\" \/>\n<meta name=\"twitter:label1\" content=\"Est. tempo de leitura\" \/>\n\t<meta name=\"twitter:data1\" content=\"1 minuto\" \/>\n<script type=\"application\/ld+json\" class=\"yoast-schema-graph\">{\"@context\":\"https:\/\/schema.org\",\"@graph\":[{\"@type\":\"WebPage\",\"@id\":\"https:\/\/noticiaempauta.com\/portal\/radio-cidade-modelo-fm\/\",\"url\":\"https:\/\/noticiaempauta.com\/portal\/radio-cidade-modelo-fm\/\",\"name\":\"R\u00e1dio Cidade Modelo FM - Portal Not\u00edcia em Pauta\",\"isPartOf\":{\"@id\":\"https:\/\/noticiaempauta.com\/portal\/#website\"},\"primaryImageOfPage\":{\"@id\":\"https:\/\/noticiaempauta.com\/portal\/radio-cidade-modelo-fm\/#primaryimage\"},\"image\":{\"@id\":\"https:\/\/noticiaempauta.com\/portal\/radio-cidade-modelo-fm\/#primaryimage\"},\"thumbnailUrl\":\"https:\/\/noticiaempauta.com\/portal\/wp-content\/uploads\/2022\/09\/radio11694_1594641010.webp\",\"datePublished\":\"2022-09-27T14:21:53+00:00\",\"dateModified\":\"2022-10-05T12:03:03+00:00\",\"breadcrumb\":{\"@id\":\"https:\/\/noticiaempauta.com\/portal\/radio-cidade-modelo-fm\/#breadcrumb\"},\"inLanguage\":\"pt-BR\",\"potentialAction\":[{\"@type\":\"ReadAction\",\"target\":[\"https:\/\/noticiaempauta.com\/portal\/radio-cidade-modelo-fm\/\"]}]},{\"@type\":\"ImageObject\",\"inLanguage\":\"pt-BR\",\"@id\":\"https:\/\/noticiaempauta.com\/portal\/radio-cidade-modelo-fm\/#primaryimage\",\"url\":\"https:\/\/noticiaempauta.com\/portal\/wp-content\/uploads\/2022\/09\/radio11694_1594641010.webp\",\"contentUrl\":\"https:\/\/noticiaempauta.com\/portal\/wp-content\/uploads\/2022\/09\/radio11694_1594641010.webp\",\"width\":200,\"height\":200},{\"@type\":\"BreadcrumbList\",\"@id\":\"https:\/\/noticiaempauta.com\/portal\/radio-cidade-modelo-fm\/#breadcrumb\",\"itemListElement\":[{\"@type\":\"ListItem\",\"position\":1,\"name\":\"P\u00e1gina Inicial\",\"item\":\"https:\/\/noticiaempauta.com\/portal\/\"},{\"@type\":\"ListItem\",\"position\":2,\"name\":\"R\u00e1dio Cidade Modelo FM\"}]},{\"@type\":\"WebSite\",\"@id\":\"https:\/\/noticiaempauta.com\/portal\/#website\",\"url\":\"https:\/\/noticiaempauta.com\/portal\/\",\"name\":\"Portal Not\u00edcia em Pauta\",\"description\":\"Voc\u00ea bem informado\",\"publisher\":{\"@id\":\"https:\/\/noticiaempauta.com\/portal\/#organization\"},\"potentialAction\":[{\"@type\":\"SearchAction\",\"target\":{\"@type\":\"EntryPoint\",\"urlTemplate\":\"https:\/\/noticiaempauta.com\/portal\/?s={search_term_string}\"},\"query-input\":{\"@type\":\"PropertyValueSpecification\",\"valueRequired\":true,\"valueName\":\"search_term_string\"}}],\"inLanguage\":\"pt-BR\"},{\"@type\":\"Organization\",\"@id\":\"https:\/\/noticiaempauta.com\/portal\/#organization\",\"name\":\"Portal Not\u00edcia em Pauta\",\"url\":\"https:\/\/noticiaempauta.com\/portal\/\",\"logo\":{\"@type\":\"ImageObject\",\"inLanguage\":\"pt-BR\",\"@id\":\"https:\/\/noticiaempauta.com\/portal\/#\/schema\/logo\/image\/\",\"url\":\"https:\/\/noticiaempauta.com\/portal\/wp-content\/uploads\/2022\/08\/logomarca_tema.fw_.png\",\"contentUrl\":\"https:\/\/noticiaempauta.com\/portal\/wp-content\/uploads\/2022\/08\/logomarca_tema.fw_.png\",\"width\":400,\"height\":232,\"caption\":\"Portal Not\u00edcia em Pauta\"},\"image\":{\"@id\":\"https:\/\/noticiaempauta.com\/portal\/#\/schema\/logo\/image\/\"},\"sameAs\":[\"https:\/\/www.facebook.com\/Portal-Notcia-Em-Pauta-102292869264820\/\",\"https:\/\/www.instagram.com\/portalnoticiaempauta\/\"]}]}<\/script>\n<!-- \/ Yoast SEO Premium plugin. -->","yoast_head_json":{"title":"R\u00e1dio Cidade Modelo FM - Portal Not\u00edcia em Pauta","robots":{"index":"index","follow":"follow","max-snippet":"max-snippet:-1","max-image-preview":"max-image-preview:large","max-video-preview":"max-video-preview:-1"},"canonical":"https:\/\/noticiaempauta.com\/portal\/radio-cidade-modelo-fm\/","og_locale":"pt_BR","og_type":"article","og_title":"R\u00e1dio Cidade Modelo FM","og_description":"A R\u00e1dio Cidade Modelo FM possui uma programa\u00e7\u00e3o diversificada com m\u00fasicas, informa\u00e7\u00e3o, entrevistas, cobertura de eventos e muita interatividade. Acesse e ou\u00e7a em casa, no carro, na academia, em qualquer lugar. \ufeff","og_url":"https:\/\/noticiaempauta.com\/portal\/radio-cidade-modelo-fm\/","og_site_name":"Portal Not\u00edcia em Pauta","article_publisher":"https:\/\/www.facebook.com\/Portal-Notcia-Em-Pauta-102292869264820\/","article_modified_time":"2022-10-05T12:03:03+00:00","og_image":[{"width":200,"height":200,"url":"https:\/\/noticiaempauta.com\/portal\/wp-content\/uploads\/2022\/09\/radio11694_1594641010.webp","type":"image\/webp"}],"twitter_card":"summary_large_image","twitter_misc":{"Est. tempo de leitura":"1 minuto"},"schema":{"@context":"https:\/\/schema.org","@graph":[{"@type":"WebPage","@id":"https:\/\/noticiaempauta.com\/portal\/radio-cidade-modelo-fm\/","url":"https:\/\/noticiaempauta.com\/portal\/radio-cidade-modelo-fm\/","name":"R\u00e1dio Cidade Modelo FM - Portal Not\u00edcia em Pauta","isPartOf":{"@id":"https:\/\/noticiaempauta.com\/portal\/#website"},"primaryImageOfPage":{"@id":"https:\/\/noticiaempauta.com\/portal\/radio-cidade-modelo-fm\/#primaryimage"},"image":{"@id":"https:\/\/noticiaempauta.com\/portal\/radio-cidade-modelo-fm\/#primaryimage"},"thumbnailUrl":"https:\/\/noticiaempauta.com\/portal\/wp-content\/uploads\/2022\/09\/radio11694_1594641010.webp","datePublished":"2022-09-27T14:21:53+00:00","dateModified":"2022-10-05T12:03:03+00:00","breadcrumb":{"@id":"https:\/\/noticiaempauta.com\/portal\/radio-cidade-modelo-fm\/#breadcrumb"},"inLanguage":"pt-BR","potentialAction":[{"@type":"ReadAction","target":["https:\/\/noticiaempauta.com\/portal\/radio-cidade-modelo-fm\/"]}]},{"@type":"ImageObject","inLanguage":"pt-BR","@id":"https:\/\/noticiaempauta.com\/portal\/radio-cidade-modelo-fm\/#primaryimage","url":"https:\/\/noticiaempauta.com\/portal\/wp-content\/uploads\/2022\/09\/radio11694_1594641010.webp","contentUrl":"https:\/\/noticiaempauta.com\/portal\/wp-content\/uploads\/2022\/09\/radio11694_1594641010.webp","width":200,"height":200},{"@type":"BreadcrumbList","@id":"https:\/\/noticiaempauta.com\/portal\/radio-cidade-modelo-fm\/#breadcrumb","itemListElement":[{"@type":"ListItem","position":1,"name":"P\u00e1gina Inicial","item":"https:\/\/noticiaempauta.com\/portal\/"},{"@type":"ListItem","position":2,"name":"R\u00e1dio Cidade Modelo FM"}]},{"@type":"WebSite","@id":"https:\/\/noticiaempauta.com\/portal\/#website","url":"https:\/\/noticiaempauta.com\/portal\/","name":"Portal Not\u00edcia em Pauta","description":"Voc\u00ea bem informado","publisher":{"@id":"https:\/\/noticiaempauta.com\/portal\/#organization"},"potentialAction":[{"@type":"SearchAction","target":{"@type":"EntryPoint","urlTemplate":"https:\/\/noticiaempauta.com\/portal\/?s={search_term_string}"},"query-input":{"@type":"PropertyValueSpecification","valueRequired":true,"valueName":"search_term_string"}}],"inLanguage":"pt-BR"},{"@type":"Organization","@id":"https:\/\/noticiaempauta.com\/portal\/#organization","name":"Portal Not\u00edcia em Pauta","url":"https:\/\/noticiaempauta.com\/portal\/","logo":{"@type":"ImageObject","inLanguage":"pt-BR","@id":"https:\/\/noticiaempauta.com\/portal\/#\/schema\/logo\/image\/","url":"https:\/\/noticiaempauta.com\/portal\/wp-content\/uploads\/2022\/08\/logomarca_tema.fw_.png","contentUrl":"https:\/\/noticiaempauta.com\/portal\/wp-content\/uploads\/2022\/08\/logomarca_tema.fw_.png","width":400,"height":232,"caption":"Portal Not\u00edcia em Pauta"},"image":{"@id":"https:\/\/noticiaempauta.com\/portal\/#\/schema\/logo\/image\/"},"sameAs":["https:\/\/www.facebook.com\/Portal-Notcia-Em-Pauta-102292869264820\/","https:\/\/www.instagram.com\/portalnoticiaempauta\/"]}]}},"_links":{"self":[{"href":"https:\/\/noticiaempauta.com\/portal\/wp-json\/wp\/v2\/pages\/241601","targetHints":{"allow":["GET"]}}],"collection":[{"href":"https:\/\/noticiaempauta.com\/portal\/wp-json\/wp\/v2\/pages"}],"about":[{"href":"https:\/\/noticiaempauta.com\/portal\/wp-json\/wp\/v2\/types\/page"}],"author":[{"embeddable":true,"href":"https:\/\/noticiaempauta.com\/portal\/wp-json\/wp\/v2\/users\/1"}],"replies":[{"embeddable":true,"href":"https:\/\/noticiaempauta.com\/portal\/wp-json\/wp\/v2\/comments?post=241601"}],"version-history":[{"count":13,"href":"https:\/\/noticiaempauta.com\/portal\/wp-json\/wp\/v2\/pages\/241601\/revisions"}],"predecessor-version":[{"id":241712,"href":"https:\/\/noticiaempauta.com\/portal\/wp-json\/wp\/v2\/pages\/241601\/revisions\/241712"}],"wp:featuredmedia":[{"embeddable":true,"href":"https:\/\/noticiaempauta.com\/portal\/wp-json\/wp\/v2\/media\/241607"}],"wp:attachment":[{"href":"https:\/\/noticiaempauta.com\/portal\/wp-json\/wp\/v2\/media?parent=241601"}],"curies":[{"name":"wp","href":"https:\/\/api.w.org\/{rel}","templated":true}]}}